{"id":2,"date":"2025-06-05T13:36:40","date_gmt":"2025-06-05T13:36:40","guid":{"rendered":"https:\/\/zuridenda.rkinformatika.online\/?page_id=2"},"modified":"2025-06-06T09:24:37","modified_gmt":"2025-06-06T09:24:37","slug":"inicio","status":"publish","type":"page","link":"https:\/\/zuridenda.com\/eu\/","title":{"rendered":"Hasiera"},"content":{"rendered":"<div data-elementor-type=\"wp-page\" data-elementor-id=\"2\" class=\"elementor elementor-2\" data-elementor-post-type=\"page\">\n\t\t\t\t<div class=\"elementor-element elementor-element-cf3af17 e-con-full e-flex e-con e-parent\" data-id=\"cf3af17\" data-element_type=\"container\" data-e-type=\"container\" data-settings=\"{&quot;background_background&quot;:&quot;classic&quot;}\">\n\t\t<div class=\"elementor-element elementor-element-285b27b e-flex e-con-boxed e-con e-child\" data-id=\"285b27b\" data-element_type=\"container\" data-e-type=\"container\" data-settings=\"{&quot;background_background&quot;:&quot;classic&quot;}\">\n\t\t\t\t\t<div class=\"e-con-inner\">\n\t\t\t\t<div class=\"elementor-element elementor-element-6f31e51 elementor-invisible elementor-widget elementor-widget-heading\" data-id=\"6f31e51\" data-element_type=\"widget\" data-e-type=\"widget\" data-settings=\"{&quot;_animation&quot;:&quot;fadeInDown&quot;}\" data-widget_type=\"heading.default\">\n\t\t\t\t<div class=\"elementor-widget-container\">\n\t\t\t\t\t<h2 class=\"elementor-heading-title elementor-size-default\">Ongi etorri \n<br>ZURI DENDA\n<\/h2>\t\t\t\t<\/div>\n\t\t\t\t<\/div>\n\t\t\t\t\t<\/div>\n\t\t\t\t<\/div>\n\t\t\t\t<\/div>\n\t\t<div class=\"elementor-element elementor-element-0f58d17 e-flex e-con-boxed e-con e-parent\" data-id=\"0f58d17\" data-element_type=\"container\" data-e-type=\"container\">\n\t\t\t\t\t<div class=\"e-con-inner\">\n\t\t<div class=\"elementor-element elementor-element-fcae83b e-con-full e-flex e-con e-child\" data-id=\"fcae83b\" data-element_type=\"container\" data-e-type=\"container\">\n\t\t\t\t<div class=\"elementor-element elementor-element-3ddc84d elementor-widget elementor-widget-heading\" data-id=\"3ddc84d\" data-element_type=\"widget\" data-e-type=\"widget\" data-widget_type=\"heading.default\">\n\t\t\t\t<div class=\"elementor-widget-container\">\n\t\t\t\t\t<h2 class=\"elementor-heading-title elementor-size-default\">Nor garen<\/h2>\t\t\t\t<\/div>\n\t\t\t\t<\/div>\n\t\t\t\t<div class=\"elementor-element elementor-element-8531821 elementor-widget elementor-widget-text-editor\" data-id=\"8531821\" data-element_type=\"widget\" data-e-type=\"widget\" data-widget_type=\"text-editor.default\">\n\t\t\t\t<div class=\"elementor-widget-container\">\n\t\t\t\t\t\t\t\t\t<p>Zure konfiantzazko denda Basaurin gozokiak, prentsa, ozpinetakoak, aldizkariak eta askoz gehiago egiteko.<\/p><p>Duela 10 urte baino gehiago, Zuri\u00f1ek Zuri Denda sortu zuen kalitatezko produktuak prezio egokietan eskaintzeko ilusioarekin, betiere arreta hurbil eta atseginarekin. Ordutik, eta hainbat kokapenen ondoren, gure denda Balendin Berriotxoa 12an dago gaur egun, eta basauriarrak betiko grinarekin zerbitzatzen jarraitzen dugu.<\/p><p>Zer aurkituko duzu hemen?<br \/>Adin guztietarako prentsa eta aldizkariak<br \/>Gozokiak, gozotegia eta txokolateak<br \/>Zizka-mizkak, fruitu lehorrak eta marka ezagunak<br \/>Askotariko ozpinetakoak<br \/>Kromoak eta bildumak<br \/>Jostailuak, peluxeak eta sorpresa gehiago<\/p><p>Zuri Dendan zain izango gaituzu betiko kontuekin... eta beste zerbait!<\/p>\t\t\t\t\t\t\t\t<\/div>\n\t\t\t\t<\/div>\n\t\t\t\t<\/div>\n\t\t<div class=\"elementor-element elementor-element-c77c366 e-con-full e-flex e-con e-child\" data-id=\"c77c366\" data-element_type=\"container\" data-e-type=\"container\">\n\t\t\t\t<div class=\"elementor-element elementor-element-a227f70 elementor-widget elementor-widget-image\" data-id=\"a227f70\" data-element_type=\"widget\" data-e-type=\"widget\" data-widget_type=\"image.default\">\n\t\t\t\t<div class=\"elementor-widget-container\">\n\t\t\t\t\t\t\t\t\t\t\t\t\t\t\t<img fetchpriority=\"high\" decoding=\"async\" width=\"2000\" height=\"1500\" src=\"https:\/\/zuridenda.com\/wp-content\/uploads\/2025\/06\/IMG-20250515-WA0006-ZURINE-PAMO-MANSO.jpg\" class=\"attachment-full size-full wp-image-141\" alt=\"\" srcset=\"https:\/\/zuridenda.com\/wp-content\/uploads\/2025\/06\/IMG-20250515-WA0006-ZURINE-PAMO-MANSO.jpg 2000w, https:\/\/zuridenda.com\/wp-content\/uploads\/2025\/06\/IMG-20250515-WA0006-ZURINE-PAMO-MANSO-300x225.jpg 300w, https:\/\/zuridenda.com\/wp-content\/uploads\/2025\/06\/IMG-20250515-WA0006-ZURINE-PAMO-MANSO-1024x768.jpg 1024w, https:\/\/zuridenda.com\/wp-content\/uploads\/2025\/06\/IMG-20250515-WA0006-ZURINE-PAMO-MANSO-768x576.jpg 768w, https:\/\/zuridenda.com\/wp-content\/uploads\/2025\/06\/IMG-20250515-WA0006-ZURINE-PAMO-MANSO-1536x1152.jpg 1536w, https:\/\/zuridenda.com\/wp-content\/uploads\/2025\/06\/IMG-20250515-WA0006-ZURINE-PAMO-MANSO-16x12.jpg 16w\" sizes=\"(max-width: 2000px) 100vw, 2000px\" \/>\t\t\t\t\t\t\t\t\t\t\t\t\t\t\t<\/div>\n\t\t\t\t<\/div>\n\t\t\t\t<\/div>\n\t\t\t\t\t<\/div>\n\t\t\t\t<\/div>\n\t\t<div class=\"elementor-element elementor-element-8ec73d6 e-flex e-con-boxed e-con e-parent\" data-id=\"8ec73d6\" data-element_type=\"container\" data-e-type=\"container\" data-settings=\"{&quot;background_background&quot;:&quot;classic&quot;}\">\n\t\t\t\t\t<div class=\"e-con-inner\">\n\t\t<div class=\"elementor-element elementor-element-16df41c e-con-full e-flex e-con e-child\" data-id=\"16df41c\" data-element_type=\"container\" data-e-type=\"container\" data-settings=\"{&quot;background_background&quot;:&quot;classic&quot;}\">\n\t\t\t\t<div class=\"elementor-element elementor-element-c60542b elementor-invisible elementor-widget elementor-widget-heading\" data-id=\"c60542b\" data-element_type=\"widget\" data-e-type=\"widget\" data-settings=\"{&quot;_animation&quot;:&quot;fadeInDown&quot;}\" data-widget_type=\"heading.default\">\n\t\t\t\t<div class=\"elementor-widget-container\">\n\t\t\t\t\t<h2 class=\"elementor-heading-title elementor-size-default\">Ezagutu Zuri Dendak zuretzat duen guztia<\/h2>\t\t\t\t<\/div>\n\t\t\t\t<\/div>\n\t\t\t\t<div class=\"elementor-element elementor-element-e2378e6 elementor-align-center animated-slow elementor-invisible elementor-widget elementor-widget-button\" data-id=\"e2378e6\" data-element_type=\"widget\" data-e-type=\"widget\" data-settings=\"{&quot;_animation&quot;:&quot;fadeIn&quot;}\" data-widget_type=\"button.default\">\n\t\t\t\t<div class=\"elementor-widget-container\">\n\t\t\t\t\t\t\t\t\t<div class=\"elementor-button-wrapper\">\n\t\t\t\t\t<a class=\"elementor-button elementor-button-link elementor-size-sm\" href=\"https:\/\/zuridenda.com\/eu\/productos\/\">\n\t\t\t\t\t\t<span class=\"elementor-button-content-wrapper\">\n\t\t\t\t\t\t\t\t\t<span class=\"elementor-button-text\">Ikusi produktuak <\/span>\n\t\t\t\t\t<\/span>\n\t\t\t\t\t<\/a>\n\t\t\t\t<\/div>\n\t\t\t\t\t\t\t\t<\/div>\n\t\t\t\t<\/div>\n\t\t\t\t<\/div>\n\t\t\t\t\t<\/div>\n\t\t\t\t<\/div>\n\t\t\t\t<\/div>","protected":false},"excerpt":{"rendered":"<p>Bienvenido a ZURI DENDA Qui\u00e9nes somos Tu tienda de confianza en Basauri para golosinas, prensa, encurtidos, revistas y mucho m\u00e1s. Hace m\u00e1s de 10 a\u00f1os, Zuri\u00f1e cre\u00f3 Zuri Denda con la ilusi\u00f3n de ofrecer productos de calidad a precios ajustados, siempre con una atenci\u00f3n cercana y amable. Desde entonces, y tras varias ubicaciones, nuestra tienda [&hellip;]<\/p>\n","protected":false},"author":1,"featured_media":0,"parent":0,"menu_order":0,"comment_status":"closed","ping_status":"closed","template":"elementor_canvas","meta":{"footnotes":""},"class_list":["post-2","page","type-page","status-publish","hentry"],"yoast_head":"<!-- This site is optimized with the Yoast SEO plugin v27.3 - https:\/\/yoast.com\/product\/yoast-seo-wordpress\/ -->\n<title>Inicio - Zuri Denda<\/title>\n<meta name=\"robots\" content=\"index, follow, max-snippet:-1, max-image-preview:large, max-video-preview:-1\" \/>\n<link rel=\"canonical\" href=\"https:\/\/zuridenda.com\/eu\/\" \/>\n<meta property=\"og:locale\" content=\"en_US\" \/>\n<meta property=\"og:type\" content=\"article\" \/>\n<meta property=\"og:title\" content=\"Inicio - Zuri Denda\" \/>\n<meta property=\"og:description\" content=\"Bienvenido a ZURI DENDA Qui\u00e9nes somos Tu tienda de confianza en Basauri para golosinas, prensa, encurtidos, revistas y mucho m\u00e1s. Hace m\u00e1s de 10 a\u00f1os, Zuri\u00f1e cre\u00f3 Zuri Denda con la ilusi\u00f3n de ofrecer productos de calidad a precios ajustados, siempre con una atenci\u00f3n cercana y amable. Desde entonces, y tras varias ubicaciones, nuestra tienda [&hellip;]\" \/>\n<meta property=\"og:url\" content=\"https:\/\/zuridenda.com\/eu\/\" \/>\n<meta property=\"og:site_name\" content=\"Zuri Denda\" \/>\n<meta property=\"article:modified_time\" content=\"2025-06-06T09:24:37+00:00\" \/>\n<meta property=\"og:image\" content=\"https:\/\/zuridenda.com\/wp-content\/uploads\/2025\/06\/IMG-20250515-WA0006-ZURINE-PAMO-MANSO.jpg\" \/>\n\t<meta property=\"og:image:width\" content=\"2000\" \/>\n\t<meta property=\"og:image:height\" content=\"1500\" \/>\n\t<meta property=\"og:image:type\" content=\"image\/jpeg\" \/>\n<meta name=\"twitter:card\" content=\"summary_large_image\" \/>\n<meta name=\"twitter:label1\" content=\"Est. reading time\" \/>\n\t<meta name=\"twitter:data1\" content=\"1 minutua\" \/>\n<script type=\"application\/ld+json\" class=\"yoast-schema-graph\">{\"@context\":\"https:\\\/\\\/schema.org\",\"@graph\":[{\"@type\":\"WebPage\",\"@id\":\"https:\\\/\\\/zuridenda.com\\\/\",\"url\":\"https:\\\/\\\/zuridenda.com\\\/\",\"name\":\"Inicio - Zuri Denda\",\"isPartOf\":{\"@id\":\"https:\\\/\\\/zuridenda.com\\\/#website\"},\"primaryImageOfPage\":{\"@id\":\"https:\\\/\\\/zuridenda.com\\\/#primaryimage\"},\"image\":{\"@id\":\"https:\\\/\\\/zuridenda.com\\\/#primaryimage\"},\"thumbnailUrl\":\"https:\\\/\\\/zuridenda.com\\\/wp-content\\\/uploads\\\/2025\\\/06\\\/IMG-20250515-WA0006-ZURINE-PAMO-MANSO.jpg\",\"datePublished\":\"2025-06-05T13:36:40+00:00\",\"dateModified\":\"2025-06-06T09:24:37+00:00\",\"breadcrumb\":{\"@id\":\"https:\\\/\\\/zuridenda.com\\\/#breadcrumb\"},\"inLanguage\":\"eu\",\"potentialAction\":[{\"@type\":\"ReadAction\",\"target\":[\"https:\\\/\\\/zuridenda.com\\\/\"]}]},{\"@type\":\"ImageObject\",\"inLanguage\":\"eu\",\"@id\":\"https:\\\/\\\/zuridenda.com\\\/#primaryimage\",\"url\":\"https:\\\/\\\/zuridenda.com\\\/wp-content\\\/uploads\\\/2025\\\/06\\\/IMG-20250515-WA0006-ZURINE-PAMO-MANSO.jpg\",\"contentUrl\":\"https:\\\/\\\/zuridenda.com\\\/wp-content\\\/uploads\\\/2025\\\/06\\\/IMG-20250515-WA0006-ZURINE-PAMO-MANSO.jpg\"},{\"@type\":\"BreadcrumbList\",\"@id\":\"https:\\\/\\\/zuridenda.com\\\/#breadcrumb\",\"itemListElement\":[{\"@type\":\"ListItem\",\"position\":1,\"name\":\"Portada\",\"item\":\"https:\\\/\\\/zuridenda.com\\\/\"},{\"@type\":\"ListItem\",\"position\":2,\"name\":\"Inicio\"}]},{\"@type\":\"WebSite\",\"@id\":\"https:\\\/\\\/zuridenda.com\\\/#website\",\"url\":\"https:\\\/\\\/zuridenda.com\\\/\",\"name\":\"Zuri Denda\",\"description\":\"\",\"publisher\":{\"@id\":\"https:\\\/\\\/zuridenda.com\\\/#organization\"},\"potentialAction\":[{\"@type\":\"SearchAction\",\"target\":{\"@type\":\"EntryPoint\",\"urlTemplate\":\"https:\\\/\\\/zuridenda.com\\\/?s={search_term_string}\"},\"query-input\":{\"@type\":\"PropertyValueSpecification\",\"valueRequired\":true,\"valueName\":\"search_term_string\"}}],\"inLanguage\":\"eu\"},{\"@type\":\"Organization\",\"@id\":\"https:\\\/\\\/zuridenda.com\\\/#organization\",\"name\":\"Zuri Denda\",\"url\":\"https:\\\/\\\/zuridenda.com\\\/\",\"logo\":{\"@type\":\"ImageObject\",\"inLanguage\":\"eu\",\"@id\":\"https:\\\/\\\/zuridenda.com\\\/#\\\/schema\\\/logo\\\/image\\\/\",\"url\":\"https:\\\/\\\/zuridenda.com\\\/wp-content\\\/uploads\\\/2025\\\/06\\\/cropped-cropped-ZuriDenda_Logo_Alta_Qualidade.png\",\"contentUrl\":\"https:\\\/\\\/zuridenda.com\\\/wp-content\\\/uploads\\\/2025\\\/06\\\/cropped-cropped-ZuriDenda_Logo_Alta_Qualidade.png\",\"width\":512,\"height\":512,\"caption\":\"Zuri Denda\"},\"image\":{\"@id\":\"https:\\\/\\\/zuridenda.com\\\/#\\\/schema\\\/logo\\\/image\\\/\"}}]}<\/script>\n<!-- \/ Yoast SEO plugin. -->","yoast_head_json":{"title":"Inicio - Zuri Denda","robots":{"index":"index","follow":"follow","max-snippet":"max-snippet:-1","max-image-preview":"max-image-preview:large","max-video-preview":"max-video-preview:-1"},"canonical":"https:\/\/zuridenda.com\/eu\/","og_locale":"en_US","og_type":"article","og_title":"Inicio - Zuri Denda","og_description":"Bienvenido a ZURI DENDA Qui\u00e9nes somos Tu tienda de confianza en Basauri para golosinas, prensa, encurtidos, revistas y mucho m\u00e1s. Hace m\u00e1s de 10 a\u00f1os, Zuri\u00f1e cre\u00f3 Zuri Denda con la ilusi\u00f3n de ofrecer productos de calidad a precios ajustados, siempre con una atenci\u00f3n cercana y amable. Desde entonces, y tras varias ubicaciones, nuestra tienda [&hellip;]","og_url":"https:\/\/zuridenda.com\/eu\/","og_site_name":"Zuri Denda","article_modified_time":"2025-06-06T09:24:37+00:00","og_image":[{"width":2000,"height":1500,"url":"https:\/\/zuridenda.com\/wp-content\/uploads\/2025\/06\/IMG-20250515-WA0006-ZURINE-PAMO-MANSO.jpg","type":"image\/jpeg"}],"twitter_card":"summary_large_image","twitter_misc":{"Est. reading time":"1 minutua"},"schema":{"@context":"https:\/\/schema.org","@graph":[{"@type":"WebPage","@id":"https:\/\/zuridenda.com\/","url":"https:\/\/zuridenda.com\/","name":"Inicio - Zuri Denda","isPartOf":{"@id":"https:\/\/zuridenda.com\/#website"},"primaryImageOfPage":{"@id":"https:\/\/zuridenda.com\/#primaryimage"},"image":{"@id":"https:\/\/zuridenda.com\/#primaryimage"},"thumbnailUrl":"https:\/\/zuridenda.com\/wp-content\/uploads\/2025\/06\/IMG-20250515-WA0006-ZURINE-PAMO-MANSO.jpg","datePublished":"2025-06-05T13:36:40+00:00","dateModified":"2025-06-06T09:24:37+00:00","breadcrumb":{"@id":"https:\/\/zuridenda.com\/#breadcrumb"},"inLanguage":"eu","potentialAction":[{"@type":"ReadAction","target":["https:\/\/zuridenda.com\/"]}]},{"@type":"ImageObject","inLanguage":"eu","@id":"https:\/\/zuridenda.com\/#primaryimage","url":"https:\/\/zuridenda.com\/wp-content\/uploads\/2025\/06\/IMG-20250515-WA0006-ZURINE-PAMO-MANSO.jpg","contentUrl":"https:\/\/zuridenda.com\/wp-content\/uploads\/2025\/06\/IMG-20250515-WA0006-ZURINE-PAMO-MANSO.jpg"},{"@type":"BreadcrumbList","@id":"https:\/\/zuridenda.com\/#breadcrumb","itemListElement":[{"@type":"ListItem","position":1,"name":"Portada","item":"https:\/\/zuridenda.com\/"},{"@type":"ListItem","position":2,"name":"Inicio"}]},{"@type":"WebSite","@id":"https:\/\/zuridenda.com\/#website","url":"https:\/\/zuridenda.com\/","name":"Zuri Denda","description":"","publisher":{"@id":"https:\/\/zuridenda.com\/#organization"},"potentialAction":[{"@type":"SearchAction","target":{"@type":"EntryPoint","urlTemplate":"https:\/\/zuridenda.com\/?s={search_term_string}"},"query-input":{"@type":"PropertyValueSpecification","valueRequired":true,"valueName":"search_term_string"}}],"inLanguage":"eu"},{"@type":"Organization","@id":"https:\/\/zuridenda.com\/#organization","name":"Zuri Denda","url":"https:\/\/zuridenda.com\/","logo":{"@type":"ImageObject","inLanguage":"eu","@id":"https:\/\/zuridenda.com\/#\/schema\/logo\/image\/","url":"https:\/\/zuridenda.com\/wp-content\/uploads\/2025\/06\/cropped-cropped-ZuriDenda_Logo_Alta_Qualidade.png","contentUrl":"https:\/\/zuridenda.com\/wp-content\/uploads\/2025\/06\/cropped-cropped-ZuriDenda_Logo_Alta_Qualidade.png","width":512,"height":512,"caption":"Zuri Denda"},"image":{"@id":"https:\/\/zuridenda.com\/#\/schema\/logo\/image\/"}}]}},"_links":{"self":[{"href":"https:\/\/zuridenda.com\/eu\/wp-json\/wp\/v2\/pages\/2","targetHints":{"allow":["GET"]}}],"collection":[{"href":"https:\/\/zuridenda.com\/eu\/wp-json\/wp\/v2\/pages"}],"about":[{"href":"https:\/\/zuridenda.com\/eu\/wp-json\/wp\/v2\/types\/page"}],"author":[{"embeddable":true,"href":"https:\/\/zuridenda.com\/eu\/wp-json\/wp\/v2\/users\/1"}],"replies":[{"embeddable":true,"href":"https:\/\/zuridenda.com\/eu\/wp-json\/wp\/v2\/comments?post=2"}],"version-history":[{"count":100,"href":"https:\/\/zuridenda.com\/eu\/wp-json\/wp\/v2\/pages\/2\/revisions"}],"predecessor-version":[{"id":200,"href":"https:\/\/zuridenda.com\/eu\/wp-json\/wp\/v2\/pages\/2\/revisions\/200"}],"wp:attachment":[{"href":"https:\/\/zuridenda.com\/eu\/wp-json\/wp\/v2\/media?parent=2"}],"curies":[{"name":"wp","href":"https:\/\/api.w.org\/{rel}","templated":true}]}}